{"id":3717,"date":"2024-01-29T14:13:16","date_gmt":"2024-01-29T13:13:16","guid":{"rendered":"https:\/\/rivadelsolemoniga.com\/homepage\/"},"modified":"2026-02-19T15:03:06","modified_gmt":"2026-02-19T14:03:06","slug":"home","status":"publish","type":"page","link":"https:\/\/rivadelsolemoniga.com\/fr\/","title":{"rendered":"Homepage"},"content":{"rendered":"","protected":false},"excerpt":{"rendered":"","protected":false},"author":1,"featured_media":6015,"parent":0,"menu_order":0,"comment_status":"closed","ping_status":"open","template":"","meta":{"_acf_changed":false,"footnotes":""},"class_list":["post-3717","page","type-page","status-publish","has-post-thumbnail","hentry"],"acf":[],"yoast_head":"<!-- This site is optimized with the Yoast SEO plugin v24.7 - https:\/\/yoast.com\/wordpress\/plugins\/seo\/ -->\n<title>AHG Riva del Sole Wellness H\u00f4tel | 4 \u00e9toiles \u00e0 Moniga del Garda<\/title>\n<meta name=\"description\" content=\"Wellness H\u00f4tel 4 \u00e9toiles \u00e0 Moniga del Garda. Combinaison parfaite de d\u00e9tente et de d\u00e9couverte des merveilles naturelles et culturelles\" \/>\n<meta name=\"robots\" content=\"index, follow, max-snippet:-1, max-image-preview:large, max-video-preview:-1\" \/>\n<link rel=\"canonical\" href=\"https:\/\/rivadelsolemoniga.com\/fr\/\" \/>\n<meta property=\"og:locale\" content=\"fr_FR\" \/>\n<meta property=\"og:type\" content=\"article\" \/>\n<meta property=\"og:title\" content=\"AHG Riva del Sole Wellness H\u00f4tel | 4 \u00e9toiles \u00e0 Moniga del Garda\" \/>\n<meta property=\"og:description\" content=\"Wellness H\u00f4tel 4 \u00e9toiles \u00e0 Moniga del Garda. Combinaison parfaite de d\u00e9tente et de d\u00e9couverte des merveilles naturelles et culturelles\" \/>\n<meta property=\"og:url\" content=\"https:\/\/rivadelsolemoniga.com\/fr\/\" \/>\n<meta property=\"og:site_name\" content=\"AHG Hotel Riva del Sole 4 Stelle | Moniga del Garda\" \/>\n<meta property=\"article:modified_time\" content=\"2026-02-19T14:03:06+00:00\" \/>\n<meta property=\"og:image\" content=\"https:\/\/rivadelsolemoniga.com\/wp-content\/uploads\/2025\/08\/External-2.jpg\" \/>\n\t<meta property=\"og:image:width\" content=\"2200\" \/>\n\t<meta property=\"og:image:height\" content=\"1238\" \/>\n\t<meta property=\"og:image:type\" content=\"image\/jpeg\" \/>\n<script type=\"application\/ld+json\" class=\"yoast-schema-graph\">{\"@context\":\"https:\/\/schema.org\",\"@graph\":[{\"@type\":\"WebPage\",\"@id\":\"https:\/\/rivadelsolemoniga.com\/fr\/\",\"url\":\"https:\/\/rivadelsolemoniga.com\/fr\/\",\"name\":\"AHG Riva del Sole Wellness H\u00f4tel | 4 \u00e9toiles \u00e0 Moniga del Garda\",\"isPartOf\":{\"@id\":\"https:\/\/rivadelsolemoniga.com\/#website\"},\"primaryImageOfPage\":{\"@id\":\"https:\/\/rivadelsolemoniga.com\/fr\/#primaryimage\"},\"image\":{\"@id\":\"https:\/\/rivadelsolemoniga.com\/fr\/#primaryimage\"},\"thumbnailUrl\":\"https:\/\/rivadelsolemoniga.com\/wp-content\/uploads\/2025\/08\/External-2.jpg\",\"datePublished\":\"2024-01-29T13:13:16+00:00\",\"dateModified\":\"2026-02-19T14:03:06+00:00\",\"description\":\"Wellness H\u00f4tel 4 \u00e9toiles \u00e0 Moniga del Garda. Combinaison parfaite de d\u00e9tente et de d\u00e9couverte des merveilles naturelles et culturelles\",\"breadcrumb\":{\"@id\":\"https:\/\/rivadelsolemoniga.com\/fr\/#breadcrumb\"},\"inLanguage\":\"fr-FR\",\"potentialAction\":[{\"@type\":\"ReadAction\",\"target\":[\"https:\/\/rivadelsolemoniga.com\/fr\/\"]}]},{\"@type\":\"ImageObject\",\"inLanguage\":\"fr-FR\",\"@id\":\"https:\/\/rivadelsolemoniga.com\/fr\/#primaryimage\",\"url\":\"https:\/\/rivadelsolemoniga.com\/wp-content\/uploads\/2025\/08\/External-2.jpg\",\"contentUrl\":\"https:\/\/rivadelsolemoniga.com\/wp-content\/uploads\/2025\/08\/External-2.jpg\",\"width\":2200,\"height\":1238},{\"@type\":\"BreadcrumbList\",\"@id\":\"https:\/\/rivadelsolemoniga.com\/fr\/#breadcrumb\",\"itemListElement\":[{\"@type\":\"ListItem\",\"position\":1,\"name\":\"Riva del Sole\",\"item\":\"https:\/\/rivadelsolemoniga.com\/fr\/\"},{\"@type\":\"ListItem\",\"position\":2,\"name\":\"Homepage\"}]},{\"@type\":\"WebSite\",\"@id\":\"https:\/\/rivadelsolemoniga.com\/#website\",\"url\":\"https:\/\/rivadelsolemoniga.com\/\",\"name\":\"AHG Hotel Riva del Sole, Moniga del Garda\",\"description\":\"AHG Hotel Riva del Sole 4 Stelle | Moniga del Garda\",\"publisher\":{\"@id\":\"https:\/\/rivadelsolemoniga.com\/#organization\"},\"potentialAction\":[{\"@type\":\"SearchAction\",\"target\":{\"@type\":\"EntryPoint\",\"urlTemplate\":\"https:\/\/rivadelsolemoniga.com\/?s={search_term_string}\"},\"query-input\":{\"@type\":\"PropertyValueSpecification\",\"valueRequired\":true,\"valueName\":\"search_term_string\"}}],\"inLanguage\":\"fr-FR\"},{\"@type\":\"Organization\",\"@id\":\"https:\/\/rivadelsolemoniga.com\/#organization\",\"name\":\"AHG Hotel Riva del Sole, Moniga del Garda\",\"url\":\"https:\/\/rivadelsolemoniga.com\/\",\"logo\":{\"@type\":\"ImageObject\",\"inLanguage\":\"fr-FR\",\"@id\":\"https:\/\/rivadelsolemoniga.com\/#\/schema\/logo\/image\/\",\"url\":\"https:\/\/rivadelsolemoniga.com\/wp-content\/uploads\/2024\/07\/riva-del-sole.png\",\"contentUrl\":\"https:\/\/rivadelsolemoniga.com\/wp-content\/uploads\/2024\/07\/riva-del-sole.png\",\"width\":273,\"height\":125,\"caption\":\"AHG Hotel Riva del Sole, Moniga del Garda\"},\"image\":{\"@id\":\"https:\/\/rivadelsolemoniga.com\/#\/schema\/logo\/image\/\"}}]}<\/script>\n<!-- \/ Yoast SEO plugin. -->","yoast_head_json":{"title":"AHG Riva del Sole Wellness H\u00f4tel | 4 \u00e9toiles \u00e0 Moniga del Garda","description":"Wellness H\u00f4tel 4 \u00e9toiles \u00e0 Moniga del Garda. Combinaison parfaite de d\u00e9tente et de d\u00e9couverte des merveilles naturelles et culturelles","robots":{"index":"index","follow":"follow","max-snippet":"max-snippet:-1","max-image-preview":"max-image-preview:large","max-video-preview":"max-video-preview:-1"},"canonical":"https:\/\/rivadelsolemoniga.com\/fr\/","og_locale":"fr_FR","og_type":"article","og_title":"AHG Riva del Sole Wellness H\u00f4tel | 4 \u00e9toiles \u00e0 Moniga del Garda","og_description":"Wellness H\u00f4tel 4 \u00e9toiles \u00e0 Moniga del Garda. Combinaison parfaite de d\u00e9tente et de d\u00e9couverte des merveilles naturelles et culturelles","og_url":"https:\/\/rivadelsolemoniga.com\/fr\/","og_site_name":"AHG Hotel Riva del Sole 4 Stelle | Moniga del Garda","article_modified_time":"2026-02-19T14:03:06+00:00","og_image":[{"width":2200,"height":1238,"url":"https:\/\/rivadelsolemoniga.com\/wp-content\/uploads\/2025\/08\/External-2.jpg","type":"image\/jpeg"}],"schema":{"@context":"https:\/\/schema.org","@graph":[{"@type":"WebPage","@id":"https:\/\/rivadelsolemoniga.com\/fr\/","url":"https:\/\/rivadelsolemoniga.com\/fr\/","name":"AHG Riva del Sole Wellness H\u00f4tel | 4 \u00e9toiles \u00e0 Moniga del Garda","isPartOf":{"@id":"https:\/\/rivadelsolemoniga.com\/#website"},"primaryImageOfPage":{"@id":"https:\/\/rivadelsolemoniga.com\/fr\/#primaryimage"},"image":{"@id":"https:\/\/rivadelsolemoniga.com\/fr\/#primaryimage"},"thumbnailUrl":"https:\/\/rivadelsolemoniga.com\/wp-content\/uploads\/2025\/08\/External-2.jpg","datePublished":"2024-01-29T13:13:16+00:00","dateModified":"2026-02-19T14:03:06+00:00","description":"Wellness H\u00f4tel 4 \u00e9toiles \u00e0 Moniga del Garda. Combinaison parfaite de d\u00e9tente et de d\u00e9couverte des merveilles naturelles et culturelles","breadcrumb":{"@id":"https:\/\/rivadelsolemoniga.com\/fr\/#breadcrumb"},"inLanguage":"fr-FR","potentialAction":[{"@type":"ReadAction","target":["https:\/\/rivadelsolemoniga.com\/fr\/"]}]},{"@type":"ImageObject","inLanguage":"fr-FR","@id":"https:\/\/rivadelsolemoniga.com\/fr\/#primaryimage","url":"https:\/\/rivadelsolemoniga.com\/wp-content\/uploads\/2025\/08\/External-2.jpg","contentUrl":"https:\/\/rivadelsolemoniga.com\/wp-content\/uploads\/2025\/08\/External-2.jpg","width":2200,"height":1238},{"@type":"BreadcrumbList","@id":"https:\/\/rivadelsolemoniga.com\/fr\/#breadcrumb","itemListElement":[{"@type":"ListItem","position":1,"name":"Riva del Sole","item":"https:\/\/rivadelsolemoniga.com\/fr\/"},{"@type":"ListItem","position":2,"name":"Homepage"}]},{"@type":"WebSite","@id":"https:\/\/rivadelsolemoniga.com\/#website","url":"https:\/\/rivadelsolemoniga.com\/","name":"AHG Hotel Riva del Sole, Moniga del Garda","description":"AHG Hotel Riva del Sole 4 Stelle | Moniga del Garda","publisher":{"@id":"https:\/\/rivadelsolemoniga.com\/#organization"},"potentialAction":[{"@type":"SearchAction","target":{"@type":"EntryPoint","urlTemplate":"https:\/\/rivadelsolemoniga.com\/?s={search_term_string}"},"query-input":{"@type":"PropertyValueSpecification","valueRequired":true,"valueName":"search_term_string"}}],"inLanguage":"fr-FR"},{"@type":"Organization","@id":"https:\/\/rivadelsolemoniga.com\/#organization","name":"AHG Hotel Riva del Sole, Moniga del Garda","url":"https:\/\/rivadelsolemoniga.com\/","logo":{"@type":"ImageObject","inLanguage":"fr-FR","@id":"https:\/\/rivadelsolemoniga.com\/#\/schema\/logo\/image\/","url":"https:\/\/rivadelsolemoniga.com\/wp-content\/uploads\/2024\/07\/riva-del-sole.png","contentUrl":"https:\/\/rivadelsolemoniga.com\/wp-content\/uploads\/2024\/07\/riva-del-sole.png","width":273,"height":125,"caption":"AHG Hotel Riva del Sole, Moniga del Garda"},"image":{"@id":"https:\/\/rivadelsolemoniga.com\/#\/schema\/logo\/image\/"}}]}},"_links":{"self":[{"href":"https:\/\/rivadelsolemoniga.com\/fr\/wp-json\/wp\/v2\/pages\/3717","targetHints":{"allow":["GET"]}}],"collection":[{"href":"https:\/\/rivadelsolemoniga.com\/fr\/wp-json\/wp\/v2\/pages"}],"about":[{"href":"https:\/\/rivadelsolemoniga.com\/fr\/wp-json\/wp\/v2\/types\/page"}],"author":[{"embeddable":true,"href":"https:\/\/rivadelsolemoniga.com\/fr\/wp-json\/wp\/v2\/users\/1"}],"replies":[{"embeddable":true,"href":"https:\/\/rivadelsolemoniga.com\/fr\/wp-json\/wp\/v2\/comments?post=3717"}],"version-history":[{"count":29,"href":"https:\/\/rivadelsolemoniga.com\/fr\/wp-json\/wp\/v2\/pages\/3717\/revisions"}],"predecessor-version":[{"id":6620,"href":"https:\/\/rivadelsolemoniga.com\/fr\/wp-json\/wp\/v2\/pages\/3717\/revisions\/6620"}],"wp:featuredmedia":[{"embeddable":true,"href":"https:\/\/rivadelsolemoniga.com\/fr\/wp-json\/wp\/v2\/media\/6015"}],"wp:attachment":[{"href":"https:\/\/rivadelsolemoniga.com\/fr\/wp-json\/wp\/v2\/media?parent=3717"}],"curies":[{"name":"wp","href":"https:\/\/api.w.org\/{rel}","templated":true}]}}